{"id":23,"date":"2022-04-01T17:28:57","date_gmt":"2022-04-01T15:28:57","guid":{"rendered":"https:\/\/segundavidadeloslibros.es\/?page_id=23"},"modified":"2024-07-19T20:55:16","modified_gmt":"2024-07-19T18:55:16","slug":"inicio","status":"publish","type":"page","link":"https:\/\/segundavidadeloslibros.es\/","title":{"rendered":""},"content":{"rendered":"\n<p>Bienvenidos a un rinc\u00f3n donde los libros viejos renacen en arte. Ad\u00e9ntrate en un viaje visual y emocional a trav\u00e9s de mis creaciones \u00fanicas, hechas a partir de p\u00e1ginas y portadas que cuentan nuevas historias. Explora, insp\u00edrate y descubre c\u00f3mo el pasado se transforma en belleza.<\/p>\n\n\n\n<figure class=\"wp-block-pullquote\"><blockquote><p>\u00abDe todos los instrumentos del hombre, el m\u00e1s asombroso es, sin duda, el libro. Los dem\u00e1s son extensiones de su cuerpo. Solo el libro es una extensi\u00f3n de la imaginaci\u00f3n y la memoria.\u00bb<\/p><cite>Jorge Luis Borges<\/cite><\/blockquote><\/figure>\n","protected":false},"excerpt":{"rendered":"<p>Bienvenidos a un rinc\u00f3n donde los libros viejos renacen en arte. Ad\u00e9ntrate en un viaje visual y emocional a trav\u00e9s de mis creaciones \u00fanicas, hechas a partir de p\u00e1ginas y portadas que cuentan nuevas historias. Explora, insp\u00edrate y descubre c\u00f3mo el pasado se transforma en belleza. \u00abDe todos los instrumentos del hombre, el m\u00e1s asombroso es, sin duda, el libro. Los dem\u00e1s son extensiones de su cuerpo. Solo el libro es una extensi\u00f3n de la imaginaci\u00f3n y la memoria.\u00bb Jorge Luis Borges<\/p>\n","protected":false},"author":1,"featured_media":0,"parent":0,"menu_order":0,"comment_status":"closed","ping_status":"closed","template":"","meta":{"footnotes":""},"class_list":["post-23","page","type-page","status-publish","hentry"],"jetpack_sharing_enabled":true,"_links":{"self":[{"href":"https:\/\/segundavidadeloslibros.es\/index.php\/wp-json\/wp\/v2\/pages\/23","targetHints":{"allow":["GET"]}}],"collection":[{"href":"https:\/\/segundavidadeloslibros.es\/index.php\/wp-json\/wp\/v2\/pages"}],"about":[{"href":"https:\/\/segundavidadeloslibros.es\/index.php\/wp-json\/wp\/v2\/types\/page"}],"author":[{"embeddable":true,"href":"https:\/\/segundavidadeloslibros.es\/index.php\/wp-json\/wp\/v2\/users\/1"}],"replies":[{"embeddable":true,"href":"https:\/\/segundavidadeloslibros.es\/index.php\/wp-json\/wp\/v2\/comments?post=23"}],"version-history":[{"count":9,"href":"https:\/\/segundavidadeloslibros.es\/index.php\/wp-json\/wp\/v2\/pages\/23\/revisions"}],"predecessor-version":[{"id":486,"href":"https:\/\/segundavidadeloslibros.es\/index.php\/wp-json\/wp\/v2\/pages\/23\/revisions\/486"}],"wp:attachment":[{"href":"https:\/\/segundavidadeloslibros.es\/index.php\/wp-json\/wp\/v2\/media?parent=23"}],"curies":[{"name":"wp","href":"https:\/\/api.w.org\/{rel}","templated":true}]}}