{"id":113,"date":"2022-04-02T22:30:49","date_gmt":"2022-04-02T20:30:49","guid":{"rendered":"https:\/\/segundavidadeloslibros.es\/?post_type=product&#038;p=113"},"modified":"2022-12-27T16:25:25","modified_gmt":"2022-12-27T14:25:25","slug":"mago-de-oz","status":"publish","type":"product","link":"https:\/\/segundavidadeloslibros.es\/index.php\/product\/mago-de-oz\/","title":{"rendered":"El Maravilloso Mago de Oz"},"content":{"rendered":"","protected":false},"excerpt":{"rendered":"<p class=\"Standard\" style=\"text-align: justify;\"><span style=\"font-size: 11.0pt; font-family: 'Palatino Linotype',serif;\">Ejecutado en noviembre 2019 para conmemorar el 80 Aniversario del estreno de la pel\u00edcula en 1939, protagonizada por Judy Garland.<\/span><\/p>\n<p class=\"Standard\" style=\"text-align: justify;\"><span style=\"font-size: 11.0pt; font-family: 'Palatino Linotype',serif;\">Uno de los grandes cl\u00e1sicos de la literatura universal, editado en todos los pa\u00edses. Obra del autor estadounidense Lyman Frank Baum (1856-1919). Adem\u00e1s de escritor, fue productor de cine, guionista, editor y actor. Escribi\u00f3 14 libros sobre el mundo de Oz, contando con un gran n\u00famero de lectores.<\/span><\/p>\n<p class=\"Standard\" style=\"text-align: justify;\"><span style=\"font-size: 11.0pt; font-family: 'Palatino Linotype',serif;\">\u00a0<\/span><\/p>\n<p class=\"Standard\" style=\"text-align: justify;\"><span style=\"font-size: 11.0pt; font-family: 'Palatino Linotype',serif;\">El Maravilloso mago de Oz, primer libro de la serie, publicado en 1900 e ilustrado por W.W. Denslow. Narra las aventuras de una muchacha llamada Dorothy Gale y su perro Toto. Durante su camino, Dorothy conocer\u00e1 a personajes como el Espantap\u00e1jaros, el Le\u00f1ador de Hojalata o el Le\u00f3n Cobarde que representan los principios b\u00e1sicos del tri\u00e1ngulo de la consciencia: sentir-pensar y actuar. Cuento fant\u00e1stico de aventuras, tolerancia y valores positivos.<\/span><\/p>\n<p class=\"Standard\" style=\"text-align: justify;\"><span style=\"font-size: 11.0pt; font-family: 'Palatino Linotype',serif;\">Para algunos es un libro ut\u00f3pico, alegor\u00eda de la lucha pol\u00edtica y econ\u00f3mica de Estados Unidos a finales del siglo XIX.<\/span><\/p>\n","protected":false},"featured_media":237,"template":"","meta":[],"product_brand":[],"product_cat":[25],"product_tag":[],"class_list":{"0":"post-113","1":"product","2":"type-product","3":"status-publish","4":"has-post-thumbnail","6":"product_cat-libros-infantiles","8":"first","9":"instock","10":"sold-individually","11":"shipping-taxable","12":"product-type-simple"},"jetpack_sharing_enabled":true,"_links":{"self":[{"href":"https:\/\/segundavidadeloslibros.es\/index.php\/wp-json\/wp\/v2\/product\/113","targetHints":{"allow":["GET"]}}],"collection":[{"href":"https:\/\/segundavidadeloslibros.es\/index.php\/wp-json\/wp\/v2\/product"}],"about":[{"href":"https:\/\/segundavidadeloslibros.es\/index.php\/wp-json\/wp\/v2\/types\/product"}],"wp:featuredmedia":[{"embeddable":true,"href":"https:\/\/segundavidadeloslibros.es\/index.php\/wp-json\/wp\/v2\/media\/237"}],"wp:attachment":[{"href":"https:\/\/segundavidadeloslibros.es\/index.php\/wp-json\/wp\/v2\/media?parent=113"}],"wp:term":[{"taxonomy":"product_brand","embeddable":true,"href":"https:\/\/segundavidadeloslibros.es\/index.php\/wp-json\/wp\/v2\/product_brand?post=113"},{"taxonomy":"product_cat","embeddable":true,"href":"https:\/\/segundavidadeloslibros.es\/index.php\/wp-json\/wp\/v2\/product_cat?post=113"},{"taxonomy":"product_tag","embeddable":true,"href":"https:\/\/segundavidadeloslibros.es\/index.php\/wp-json\/wp\/v2\/product_tag?post=113"}],"curies":[{"name":"wp","href":"https:\/\/api.w.org\/{rel}","templated":true}]}}