{"id":140,"date":"2022-04-03T11:18:10","date_gmt":"2022-04-03T09:18:10","guid":{"rendered":"https:\/\/segundavidadeloslibros.es\/?post_type=product&#038;p=140"},"modified":"2024-11-13T19:36:07","modified_gmt":"2024-11-13T17:36:07","slug":"el-bosque","status":"publish","type":"product","link":"https:\/\/segundavidadeloslibros.es\/index.php\/product\/el-bosque\/","title":{"rendered":"El bosque (febrero 2018)"},"content":{"rendered":"","protected":false},"excerpt":{"rendered":"<p>Fue portada de la Exposici\u00f3n del 23 al 30 de abril de 2019 en el Hospital de Montilla y en noviembre de 2019, fue tambi\u00e9n portada de la Exposici\u00f3n realizada para conmemorar el XX Aniversario del Hospital Alto Guadalquivir de And\u00fajar.<\/p>\n","protected":false},"featured_media":120,"template":"","meta":[],"product_brand":[],"product_cat":[25],"product_tag":[],"class_list":{"0":"post-140","1":"product","2":"type-product","3":"status-publish","4":"has-post-thumbnail","6":"product_cat-libros-infantiles","8":"first","9":"instock","10":"sold-individually","11":"shipping-taxable","12":"product-type-simple"},"jetpack_sharing_enabled":true,"_links":{"self":[{"href":"https:\/\/segundavidadeloslibros.es\/index.php\/wp-json\/wp\/v2\/product\/140","targetHints":{"allow":["GET"]}}],"collection":[{"href":"https:\/\/segundavidadeloslibros.es\/index.php\/wp-json\/wp\/v2\/product"}],"about":[{"href":"https:\/\/segundavidadeloslibros.es\/index.php\/wp-json\/wp\/v2\/types\/product"}],"wp:featuredmedia":[{"embeddable":true,"href":"https:\/\/segundavidadeloslibros.es\/index.php\/wp-json\/wp\/v2\/media\/120"}],"wp:attachment":[{"href":"https:\/\/segundavidadeloslibros.es\/index.php\/wp-json\/wp\/v2\/media?parent=140"}],"wp:term":[{"taxonomy":"product_brand","embeddable":true,"href":"https:\/\/segundavidadeloslibros.es\/index.php\/wp-json\/wp\/v2\/product_brand?post=140"},{"taxonomy":"product_cat","embeddable":true,"href":"https:\/\/segundavidadeloslibros.es\/index.php\/wp-json\/wp\/v2\/product_cat?post=140"},{"taxonomy":"product_tag","embeddable":true,"href":"https:\/\/segundavidadeloslibros.es\/index.php\/wp-json\/wp\/v2\/product_tag?post=140"}],"curies":[{"name":"wp","href":"https:\/\/api.w.org\/{rel}","templated":true}]}}