{"id":141,"date":"2022-04-03T11:19:20","date_gmt":"2022-04-03T09:19:20","guid":{"rendered":"https:\/\/segundavidadeloslibros.es\/?post_type=product&#038;p=141"},"modified":"2024-11-13T19:22:32","modified_gmt":"2024-11-13T17:22:32","slug":"alicia-en-el-pais-de-las-maravillas","status":"publish","type":"product","link":"https:\/\/segundavidadeloslibros.es\/index.php\/product\/alicia-en-el-pais-de-las-maravillas\/","title":{"rendered":"Las Aventuras de Alicia en el pa\u00eds de las Maravillas (octubre 2017)"},"content":{"rendered":"","protected":false},"excerpt":{"rendered":"<p>Dedicado a Charles Lutwidge Dodgson, m\u00e1s conocido bajo el seud\u00f3nimo de Lewis Carroll (1832-1898).<\/p>\n<p>Di\u00e1cono anglicano, l\u00f3gico, matem\u00e1tico, fot\u00f3grafo y escritor brit\u00e1nico. El cuento est\u00e1 lleno de alusiones sat\u00edricas a los amigos de Dodgson, a la educaci\u00f3n inglesa y a temas pol\u00edticos de la \u00e9poca. Las aventuras del Pa\u00eds de las Maravillas se desarrollan fundamentalmente a partir de juegos de l\u00f3gica, la obra ha gozado durante d\u00e9cadas de una popularidad extraordinaria, en los p\u00fablicos m\u00e1s variados, y ha sido llevada varias veces al cine y la animaci\u00f3n.<\/p>\n<p>Inspirado en Susan Hoerth<\/p>\n","protected":false},"featured_media":142,"template":"","meta":[],"product_brand":[],"product_cat":[25],"product_tag":[],"class_list":{"0":"post-141","1":"product","2":"type-product","3":"status-publish","4":"has-post-thumbnail","6":"product_cat-libros-infantiles","8":"first","9":"instock","10":"sold-individually","11":"shipping-taxable","12":"product-type-simple"},"jetpack_sharing_enabled":true,"_links":{"self":[{"href":"https:\/\/segundavidadeloslibros.es\/index.php\/wp-json\/wp\/v2\/product\/141","targetHints":{"allow":["GET"]}}],"collection":[{"href":"https:\/\/segundavidadeloslibros.es\/index.php\/wp-json\/wp\/v2\/product"}],"about":[{"href":"https:\/\/segundavidadeloslibros.es\/index.php\/wp-json\/wp\/v2\/types\/product"}],"wp:featuredmedia":[{"embeddable":true,"href":"https:\/\/segundavidadeloslibros.es\/index.php\/wp-json\/wp\/v2\/media\/142"}],"wp:attachment":[{"href":"https:\/\/segundavidadeloslibros.es\/index.php\/wp-json\/wp\/v2\/media?parent=141"}],"wp:term":[{"taxonomy":"product_brand","embeddable":true,"href":"https:\/\/segundavidadeloslibros.es\/index.php\/wp-json\/wp\/v2\/product_brand?post=141"},{"taxonomy":"product_cat","embeddable":true,"href":"https:\/\/segundavidadeloslibros.es\/index.php\/wp-json\/wp\/v2\/product_cat?post=141"},{"taxonomy":"product_tag","embeddable":true,"href":"https:\/\/segundavidadeloslibros.es\/index.php\/wp-json\/wp\/v2\/product_tag?post=141"}],"curies":[{"name":"wp","href":"https:\/\/api.w.org\/{rel}","templated":true}]}}