{"id":144,"date":"2022-04-03T11:20:41","date_gmt":"2022-04-03T09:20:41","guid":{"rendered":"https:\/\/segundavidadeloslibros.es\/?post_type=product&#038;p=144"},"modified":"2024-11-13T19:29:33","modified_gmt":"2024-11-13T17:29:33","slug":"frankestein","status":"publish","type":"product","link":"https:\/\/segundavidadeloslibros.es\/index.php\/product\/frankestein\/","title":{"rendered":"Frankenstein o El moderno Prometeo (noviembre 2017)"},"content":{"rendered":"","protected":false},"excerpt":{"rendered":"<p>Realizado en 2017, para conmemorar los 200 a\u00f1os del nacimiento de su obra: Mary Shelley (1797-1851), escritora, ensayista y dramaturga brit\u00e1nica autora de una de las primeras novelas de ciencia ficci\u00f3n y tambi\u00e9n calificada de terror g\u00f3tico.<\/p>\n<p>Durante una visita de Mary y su marido, a Lord Byron fueron retados junto a el m\u00e9dico particular de Byron, a componer una historia de terror. S\u00f3lo uno complet\u00f3 el relato, pero Shelley concibi\u00f3 la idea de su futuro libro. Para algunos, considerada una alegor\u00eda de la perversi\u00f3n que puede acarrear el desarrollo cient\u00edfico; la rebeli\u00f3n de la criatura contra su creador, es un mensaje para poner de relieve las consecuencias del uso irresponsable de la tecnolog\u00eda.<\/p>\n","protected":false},"featured_media":102,"template":"","meta":[],"product_brand":[],"product_cat":[26],"product_tag":[],"class_list":{"0":"post-144","1":"product","2":"type-product","3":"status-publish","4":"has-post-thumbnail","6":"product_cat-obras-literarias","8":"first","9":"instock","10":"sold-individually","11":"shipping-taxable","12":"product-type-simple"},"jetpack_sharing_enabled":true,"_links":{"self":[{"href":"https:\/\/segundavidadeloslibros.es\/index.php\/wp-json\/wp\/v2\/product\/144","targetHints":{"allow":["GET"]}}],"collection":[{"href":"https:\/\/segundavidadeloslibros.es\/index.php\/wp-json\/wp\/v2\/product"}],"about":[{"href":"https:\/\/segundavidadeloslibros.es\/index.php\/wp-json\/wp\/v2\/types\/product"}],"wp:featuredmedia":[{"embeddable":true,"href":"https:\/\/segundavidadeloslibros.es\/index.php\/wp-json\/wp\/v2\/media\/102"}],"wp:attachment":[{"href":"https:\/\/segundavidadeloslibros.es\/index.php\/wp-json\/wp\/v2\/media?parent=144"}],"wp:term":[{"taxonomy":"product_brand","embeddable":true,"href":"https:\/\/segundavidadeloslibros.es\/index.php\/wp-json\/wp\/v2\/product_brand?post=144"},{"taxonomy":"product_cat","embeddable":true,"href":"https:\/\/segundavidadeloslibros.es\/index.php\/wp-json\/wp\/v2\/product_cat?post=144"},{"taxonomy":"product_tag","embeddable":true,"href":"https:\/\/segundavidadeloslibros.es\/index.php\/wp-json\/wp\/v2\/product_tag?post=144"}],"curies":[{"name":"wp","href":"https:\/\/api.w.org\/{rel}","templated":true}]}}