{"id":226,"date":"2022-04-30T16:59:20","date_gmt":"2022-04-30T14:59:20","guid":{"rendered":"https:\/\/segundavidadeloslibros.es\/?post_type=product&#038;p=226"},"modified":"2024-11-13T19:34:21","modified_gmt":"2024-11-13T17:34:21","slug":"cuentos-clasicos","status":"publish","type":"product","link":"https:\/\/segundavidadeloslibros.es\/index.php\/product\/cuentos-clasicos\/","title":{"rendered":"Cuentos Cl\u00e1sicos (diciembre 2017)"},"content":{"rendered":"","protected":false},"excerpt":{"rendered":"<p>Se realiz\u00f3 expresamente para la exposici\u00f3n en el Hospital Reina Sofia de C\u00f3rdoba para conmemorar el D\u00eda Internacional del Libro de 2018. Se recoge en el art\u00edculo publicado en Europapress el 23 de abril de 2018<\/p>\n<p><a href=\"https:\/\/www.europapress.es\/esandalucia\/cordoba\/noticia-profesionales-hospital-reina-sofia-reivindican-papel-terapeutico-lectura-conmemorar-dia-libro-20180423215223.html\">Profesionales del Hospital Reina Sof\u00eda reivindican el papel terap\u00e9utico de la lectura para conmemorar el D\u00eda del Libro (europapress.es)<\/a><\/p>\n<p>Se hicieron dos ejemplares, uno sobre un Vademecum que fue donado al Aula Hospitalaria.<\/p>\n","protected":false},"featured_media":0,"template":"","meta":[],"product_brand":[],"product_cat":[25],"product_tag":[],"class_list":{"0":"post-226","1":"product","2":"type-product","3":"status-publish","5":"product_cat-libros-infantiles","7":"first","8":"instock","9":"sold-individually","10":"shipping-taxable","11":"product-type-simple"},"jetpack_sharing_enabled":true,"_links":{"self":[{"href":"https:\/\/segundavidadeloslibros.es\/index.php\/wp-json\/wp\/v2\/product\/226","targetHints":{"allow":["GET"]}}],"collection":[{"href":"https:\/\/segundavidadeloslibros.es\/index.php\/wp-json\/wp\/v2\/product"}],"about":[{"href":"https:\/\/segundavidadeloslibros.es\/index.php\/wp-json\/wp\/v2\/types\/product"}],"wp:attachment":[{"href":"https:\/\/segundavidadeloslibros.es\/index.php\/wp-json\/wp\/v2\/media?parent=226"}],"wp:term":[{"taxonomy":"product_brand","embeddable":true,"href":"https:\/\/segundavidadeloslibros.es\/index.php\/wp-json\/wp\/v2\/product_brand?post=226"},{"taxonomy":"product_cat","embeddable":true,"href":"https:\/\/segundavidadeloslibros.es\/index.php\/wp-json\/wp\/v2\/product_cat?post=226"},{"taxonomy":"product_tag","embeddable":true,"href":"https:\/\/segundavidadeloslibros.es\/index.php\/wp-json\/wp\/v2\/product_tag?post=226"}],"curies":[{"name":"wp","href":"https:\/\/api.w.org\/{rel}","templated":true}]}}