{"id":234,"date":"2022-04-30T17:38:58","date_gmt":"2022-04-30T15:38:58","guid":{"rendered":"https:\/\/segundavidadeloslibros.es\/?post_type=product&#038;p=234"},"modified":"2022-12-27T16:24:08","modified_gmt":"2022-12-27T14:24:08","slug":"peter-pan","status":"publish","type":"product","link":"https:\/\/segundavidadeloslibros.es\/index.php\/product\/peter-pan\/","title":{"rendered":"Peter Pan"},"content":{"rendered":"","protected":false},"excerpt":{"rendered":"<p>Realizado en agosto 2019<\/p>\n<p>En su origen una obra de teatro, escrita en 1904 por el novelista y dramaturgo escoc\u00e9s\u00a0 James Matthew Barrie (1860-1937). Convertida en novela en 1911.<\/p>\n<p>Peter Pan es un ni\u00f1o de 10 a\u00f1os que no crece y odia a los adultos, su obra nos recuerda el ni\u00f1o que fuimos.\u00a0 Peter acompa\u00f1ado de su hada Campanilla, vive en el Pa\u00eds de Nunca Jam\u00e1s, habitada por hadas, piratas y sirenas, indios. A esta isla lleva volando a \u00a0Wendy y sus hermanos y en ella\u00a0 vivir\u00e1n grandes aventuras.<\/p>\n<p>El protagonista ejerce su liderazgo en la isla y posee la facultad de volar, sin\u00f3nimo de imaginaci\u00f3n y libertad.<\/p>\n<p>&nbsp;<\/p>\n<p>Esta obra ha sido adaptada al cine en 1924 por primera vez, fue en 1953 cuando Walt Disney\u00a0 realiz\u00f3 su conocido largometraje animado y con posterioridad protagoniz\u00f3 musicales. Incluso ha servido para definir el conocido S\u00edndrome de Perter Pan, personas que no quieren crecer ni madurar.<\/p>\n","protected":false},"featured_media":235,"template":"","meta":[],"product_brand":[],"product_cat":[25],"product_tag":[],"class_list":{"0":"post-234","1":"product","2":"type-product","3":"status-publish","4":"has-post-thumbnail","6":"product_cat-libros-infantiles","8":"first","9":"instock","10":"sold-individually","11":"shipping-taxable","12":"product-type-simple"},"jetpack_sharing_enabled":true,"_links":{"self":[{"href":"https:\/\/segundavidadeloslibros.es\/index.php\/wp-json\/wp\/v2\/product\/234","targetHints":{"allow":["GET"]}}],"collection":[{"href":"https:\/\/segundavidadeloslibros.es\/index.php\/wp-json\/wp\/v2\/product"}],"about":[{"href":"https:\/\/segundavidadeloslibros.es\/index.php\/wp-json\/wp\/v2\/types\/product"}],"wp:featuredmedia":[{"embeddable":true,"href":"https:\/\/segundavidadeloslibros.es\/index.php\/wp-json\/wp\/v2\/media\/235"}],"wp:attachment":[{"href":"https:\/\/segundavidadeloslibros.es\/index.php\/wp-json\/wp\/v2\/media?parent=234"}],"wp:term":[{"taxonomy":"product_brand","embeddable":true,"href":"https:\/\/segundavidadeloslibros.es\/index.php\/wp-json\/wp\/v2\/product_brand?post=234"},{"taxonomy":"product_cat","embeddable":true,"href":"https:\/\/segundavidadeloslibros.es\/index.php\/wp-json\/wp\/v2\/product_cat?post=234"},{"taxonomy":"product_tag","embeddable":true,"href":"https:\/\/segundavidadeloslibros.es\/index.php\/wp-json\/wp\/v2\/product_tag?post=234"}],"curies":[{"name":"wp","href":"https:\/\/api.w.org\/{rel}","templated":true}]}}