{"id":239,"date":"2022-04-30T17:44:57","date_gmt":"2022-04-30T15:44:57","guid":{"rendered":"https:\/\/segundavidadeloslibros.es\/?post_type=product&#038;p=239"},"modified":"2024-11-13T19:12:31","modified_gmt":"2024-11-13T17:12:31","slug":"tom-sawyer","status":"publish","type":"product","link":"https:\/\/segundavidadeloslibros.es\/index.php\/product\/tom-sawyer\/","title":{"rendered":"Las Aventuras de Tom Sawyer (junio 2017)"},"content":{"rendered":"","protected":false},"excerpt":{"rendered":"<p>Obra de Samuel Langhorne Clemens, m\u00e1s conocido por su seud\u00f3nimo Mark Twain (1835-1910)<\/p>\n<p>Es la historia de un verano de travesuras, diversi\u00f3n y amistad. La acci\u00f3n nos lleva al r\u00edo Misisipi, a casa de su t\u00eda Polly, donde corre intr\u00e9pidas aventuras con sus amigos Huckleberry Finn, y Joe Harper con los que siempre acaba metido en l\u00edos; hasta que una noche son testigos de un asesinato.<\/p>\n<p>El libro nos ofrece una mirada nost\u00e1lgica a la inocencia de la infancia. A trav\u00e9s de los ojos de sus personajes, el autor nos ofrece la visi\u00f3n de una doble realidad: la del mundo infantil, primitivo, que el lector adulto ya ha perdido, y la del mundo adulto, confuso, il\u00f3gico y cruel.<\/p>\n<p>Inspirado en Harvey Brown<\/p>\n","protected":false},"featured_media":0,"template":"","meta":[],"product_brand":[],"product_cat":[25],"product_tag":[],"class_list":{"0":"post-239","1":"product","2":"type-product","3":"status-publish","5":"product_cat-libros-infantiles","7":"first","8":"instock","9":"sold-individually","10":"shipping-taxable","11":"product-type-simple"},"jetpack_sharing_enabled":true,"_links":{"self":[{"href":"https:\/\/segundavidadeloslibros.es\/index.php\/wp-json\/wp\/v2\/product\/239","targetHints":{"allow":["GET"]}}],"collection":[{"href":"https:\/\/segundavidadeloslibros.es\/index.php\/wp-json\/wp\/v2\/product"}],"about":[{"href":"https:\/\/segundavidadeloslibros.es\/index.php\/wp-json\/wp\/v2\/types\/product"}],"wp:attachment":[{"href":"https:\/\/segundavidadeloslibros.es\/index.php\/wp-json\/wp\/v2\/media?parent=239"}],"wp:term":[{"taxonomy":"product_brand","embeddable":true,"href":"https:\/\/segundavidadeloslibros.es\/index.php\/wp-json\/wp\/v2\/product_brand?post=239"},{"taxonomy":"product_cat","embeddable":true,"href":"https:\/\/segundavidadeloslibros.es\/index.php\/wp-json\/wp\/v2\/product_cat?post=239"},{"taxonomy":"product_tag","embeddable":true,"href":"https:\/\/segundavidadeloslibros.es\/index.php\/wp-json\/wp\/v2\/product_tag?post=239"}],"curies":[{"name":"wp","href":"https:\/\/api.w.org\/{rel}","templated":true}]}}