{"id":264,"date":"2022-10-11T17:25:56","date_gmt":"2022-10-11T15:25:56","guid":{"rendered":"https:\/\/segundavidadeloslibros.es\/?post_type=product&#038;p=264"},"modified":"2024-11-13T19:13:13","modified_gmt":"2024-11-13T17:13:13","slug":"ludwig-van-beethoven-1770-1827","status":"publish","type":"product","link":"https:\/\/segundavidadeloslibros.es\/index.php\/product\/ludwig-van-beethoven-1770-1827\/","title":{"rendered":"Ludwig van Beethoven (mayo 2017)"},"content":{"rendered":"","protected":false},"excerpt":{"rendered":"<p><strong>Ludwig van Beethoven<\/strong><strong>\u200b <\/strong>(Bonn,\u00a0Arzobispado de Colonia 1770-Viena 1827) Fue un\u00a0compositor,\u00a0director de orquesta,\u00a0pianista<strong>\u00a0<\/strong>y profesor de piano\u00a0alem\u00e1n. Su\u00a0legado musical<strong>\u00a0<\/strong>abarca, cronol\u00f3gicamente, desde el\u00a0Clasicismo<strong>\u00a0<\/strong>hasta los inicios del\u00a0Romanticismo. Es considerado uno de los compositores m\u00e1s importantes de la historia de la m\u00fasica y su legado ha influido de forma decisiva en la evoluci\u00f3n posterior de este arte.<\/p>\n<p><strong>\u00a0<\/strong><\/p>\n<p>Dedicado al compositor, al cumplirse 200 a\u00f1os de su muerte.<\/p>\n","protected":false},"featured_media":532,"template":"","meta":[],"product_brand":[],"product_cat":[15],"product_tag":[],"class_list":{"0":"post-264","1":"product","2":"type-product","3":"status-publish","4":"has-post-thumbnail","6":"product_cat-uncategorized","8":"first","9":"instock","10":"shipping-taxable","11":"product-type-simple"},"jetpack_sharing_enabled":true,"_links":{"self":[{"href":"https:\/\/segundavidadeloslibros.es\/index.php\/wp-json\/wp\/v2\/product\/264","targetHints":{"allow":["GET"]}}],"collection":[{"href":"https:\/\/segundavidadeloslibros.es\/index.php\/wp-json\/wp\/v2\/product"}],"about":[{"href":"https:\/\/segundavidadeloslibros.es\/index.php\/wp-json\/wp\/v2\/types\/product"}],"wp:featuredmedia":[{"embeddable":true,"href":"https:\/\/segundavidadeloslibros.es\/index.php\/wp-json\/wp\/v2\/media\/532"}],"wp:attachment":[{"href":"https:\/\/segundavidadeloslibros.es\/index.php\/wp-json\/wp\/v2\/media?parent=264"}],"wp:term":[{"taxonomy":"product_brand","embeddable":true,"href":"https:\/\/segundavidadeloslibros.es\/index.php\/wp-json\/wp\/v2\/product_brand?post=264"},{"taxonomy":"product_cat","embeddable":true,"href":"https:\/\/segundavidadeloslibros.es\/index.php\/wp-json\/wp\/v2\/product_cat?post=264"},{"taxonomy":"product_tag","embeddable":true,"href":"https:\/\/segundavidadeloslibros.es\/index.php\/wp-json\/wp\/v2\/product_tag?post=264"}],"curies":[{"name":"wp","href":"https:\/\/api.w.org\/{rel}","templated":true}]}}