{"id":536,"date":"2024-11-13T19:15:40","date_gmt":"2024-11-13T17:15:40","guid":{"rendered":"https:\/\/segundavidadeloslibros.es\/?post_type=product&#038;p=536"},"modified":"2024-11-13T19:19:38","modified_gmt":"2024-11-13T17:19:38","slug":"juan-ocana-prados-agosto-septiembre-2017","status":"publish","type":"product","link":"https:\/\/segundavidadeloslibros.es\/index.php\/product\/juan-ocana-prados-agosto-septiembre-2017\/","title":{"rendered":"JUAN OCA\u00d1A PRADOS (agosto &#8211; septiembre 2017)"},"content":{"rendered":"","protected":false},"excerpt":{"rendered":"<p>Dedicado a Juan Oca\u00f1a Prados (M\u00f3stoles 1850-Villanueva de C\u00f3rdoba 1928), desde joven con vocaci\u00f3n literaria, aficionado al teatro y con una prol\u00edfera actividad como escritor. Autor de obras de teatro, como El grito de Independencia o M\u00f3stoles en 1808, poes\u00eda, e investigador hist\u00f3rico con su conocida Historia de la villa de Villanueva de C\u00f3rdoba.\u00a0 Fue colaborador en peri\u00f3dicos y revistas de\u00a0\u00a0 C\u00f3rdoba y su provincia, donde destacan sus c\u00e9lebres Mosquetazos.<\/p>\n<p>Hombre activo y comprometido, fue miembro de varias agrupaciones y sociedades, Miembro Correspondiente de la Real Academia de C\u00f3rdoba y amigo de escritores, poetas, intelectuales, con los que mantuvo una fecunda correspondencia.<\/p>\n<p>Se inici\u00f3 profesionalmente como auxiliar administrativo en una notar\u00eda de M\u00f3stoles, siendo con posterioridad secretario de varios ayuntamientos de C\u00f3rdoba.<\/p>\n<p>Presentado al III Premio Libro de Artista Ciudad de M\u00f3stoles 2017.<\/p>\n<p>Este libro fue donado al Colegio P\u00fablico Juan Oca\u00f1a de M\u00f3stoles.<\/p>\n","protected":false},"featured_media":537,"template":"","meta":[],"product_brand":[],"product_cat":[15],"product_tag":[],"class_list":{"0":"post-536","1":"product","2":"type-product","3":"status-publish","4":"has-post-thumbnail","6":"product_cat-uncategorized","8":"first","9":"instock","10":"shipping-taxable","11":"product-type-simple"},"jetpack_sharing_enabled":true,"_links":{"self":[{"href":"https:\/\/segundavidadeloslibros.es\/index.php\/wp-json\/wp\/v2\/product\/536","targetHints":{"allow":["GET"]}}],"collection":[{"href":"https:\/\/segundavidadeloslibros.es\/index.php\/wp-json\/wp\/v2\/product"}],"about":[{"href":"https:\/\/segundavidadeloslibros.es\/index.php\/wp-json\/wp\/v2\/types\/product"}],"wp:featuredmedia":[{"embeddable":true,"href":"https:\/\/segundavidadeloslibros.es\/index.php\/wp-json\/wp\/v2\/media\/537"}],"wp:attachment":[{"href":"https:\/\/segundavidadeloslibros.es\/index.php\/wp-json\/wp\/v2\/media?parent=536"}],"wp:term":[{"taxonomy":"product_brand","embeddable":true,"href":"https:\/\/segundavidadeloslibros.es\/index.php\/wp-json\/wp\/v2\/product_brand?post=536"},{"taxonomy":"product_cat","embeddable":true,"href":"https:\/\/segundavidadeloslibros.es\/index.php\/wp-json\/wp\/v2\/product_cat?post=536"},{"taxonomy":"product_tag","embeddable":true,"href":"https:\/\/segundavidadeloslibros.es\/index.php\/wp-json\/wp\/v2\/product_tag?post=536"}],"curies":[{"name":"wp","href":"https:\/\/api.w.org\/{rel}","templated":true}]}}